{"id":2758,"date":"2017-08-10T16:37:16","date_gmt":"2017-08-10T15:37:16","guid":{"rendered":"http:\/\/192.168.1.170\/aussac-vadalle\/?page_id=2758"},"modified":"2026-04-22T13:40:04","modified_gmt":"2026-04-22T11:40:04","slug":"tarifs-municipaux","status":"publish","type":"page","link":"https:\/\/www.aussac-vadalle.fr\/?page_id=2758","title":{"rendered":"Tarifs municipaux"},"content":{"rendered":"<p>Visits: 2487<\/p><div><b><i> Concessions de cimeti\u00e8re<\/i><\/b><\/div>\n<ul>\n<li>\u00a0\u00a0\u00a0\u00a0\u00a0\u00a0 Concessions de 15 ans \u00a0\u00a0\u00a0\u00a0\u00a0\u00a0\u00a0\u00a0\u00a0\u00a0 15,24\u00a0\u20ac le m\u00b2<\/li>\n<li>\u00a0\u00a0\u00a0\u00a0\u00a0\u00a0 Concession de 30 ans\u00a0\u00a0\u00a0\u00a0\u00a0\u00a0\u00a0\u00a0\u00a0\u00a0\u00a0\u00a0\u00a0 17,00 \u20ac le m\u00b2<\/li>\n<li>\u00a0\u00a0\u00a0\u00a0\u00a0\u00a0 Concessions de 50 ans\u00a0\u00a0\u00a0\u00a0\u00a0\u00a0\u00a0\u00a0\u00a0\u00a0\u00a0 20,00 \u20ac le m\u00b2<\/li>\n<li>\u00a0 \u00a0 \u00a0 \u00a0Concessions perp\u00e9tuelles\u00a0\u00a0\u00a0\u00a0\u00a0\u00a0\u00a0\u00a0 25,00 \u20ac le m\u00b2 (accord\u00e9es par d\u00e9cision du conseil municipal)<\/li>\n<li>\u00a0 \u00a0 \u00a0 \u00a0Case trentenaire du columbarium\u00a0 400 \u20ac<\/li>\n<\/ul>\n<div><b><i>Location du centre socioculturel<\/i><\/b><\/div>\n<div>Les tarifs de la mise \u00e0 disposition du Centre Socioculturel sont les suivants,\u00a0selon d\u00e9lib\u00e9ration D_2024_7_4 du 08\/10\/2024 :<\/div>\n<div><img loading=\"lazy\" decoding=\"async\" class=\"wp-image-5285 aligncenter\" src=\"https:\/\/www.aussac-vadalle.fr\/wp-content\/uploads\/2024\/12\/Capture-300x68.jpg\" alt=\"\" width=\"850\" height=\"193\" srcset=\"https:\/\/www.aussac-vadalle.fr\/wp-content\/uploads\/2024\/12\/Capture-300x68.jpg 300w, https:\/\/www.aussac-vadalle.fr\/wp-content\/uploads\/2024\/12\/Capture-768x174.jpg 768w, https:\/\/www.aussac-vadalle.fr\/wp-content\/uploads\/2024\/12\/Capture.jpg 1023w\" sizes=\"(max-width: 850px) 100vw, 850px\" \/><\/div>\n<div><\/div>\n<div>\n<hr \/>\n<\/div>\n<div><\/div>\n<div>\u00a0<b><i> Location du site de Puymerle ( gestion par la Communaut\u00e9 de Communes &#8220;C\u0153ur de Charente&#8221;)<\/i><\/b><\/div>\n<div>Le site de Puymerle peut \u00eatre lou\u00e9 aux tarifs suivants\u00a0:<\/div>\n<ul>\n<li>Habitants de la CDC\u00a0\u00a0\u00a0 30 \u20ac la journ\u00e9e<\/li>\n<li>Hors CDC\u00a0\u00a0\u00a0\u00a0\u00a0\u00a0\u00a0\u00a0\u00a0\u00a0\u00a0\u00a0\u00a0\u00a0\u00a0\u00a0\u00a0\u00a0\u00a0\u00a0 100 \u20ac la journ\u00e9e<\/li>\n<\/ul>\n<div><\/div>\n<div><b><i>Tarif cantine\u00a0:<\/i><\/b><\/div>\n<div>Le tarif du repas est calcul\u00e9 en fonction de la grille tarifaire suivante (selon d\u00e9lib\u00e9ration D_2024_9_8 en date du 09 d\u00e9cembre 2024) :<\/div>\n<div><\/div>\n<div><img loading=\"lazy\" decoding=\"async\" class=\"size-full wp-image-5557 aligncenter\" src=\"https:\/\/www.aussac-vadalle.fr\/wp-content\/uploads\/2026\/04\/Image1.png\" alt=\"\" width=\"252\" height=\"138\" \/><\/div>\n","protected":false},"excerpt":{"rendered":"<p>Visits: 2487 Concessions de cimeti\u00e8re \u00a0\u00a0\u00a0\u00a0\u00a0\u00a0 Concessions de 15 ans \u00a0\u00a0\u00a0\u00a0\u00a0\u00a0\u00a0\u00a0\u00a0\u00a0 15,24\u00a0\u20ac le m\u00b2 \u00a0\u00a0\u00a0\u00a0\u00a0\u00a0 Concession de 30 ans\u00a0\u00a0\u00a0\u00a0\u00a0\u00a0\u00a0\u00a0\u00a0\u00a0\u00a0\u00a0\u00a0 17,00 \u20ac le m\u00b2 \u00a0\u00a0\u00a0\u00a0\u00a0\u00a0 Concessions de 50 ans\u00a0\u00a0\u00a0\u00a0\u00a0\u00a0\u00a0\u00a0\u00a0\u00a0\u00a0 20,00 \u20ac le m\u00b2 \u00a0 \u00a0 \u00a0 \u00a0Concessions perp\u00e9tuelles\u00a0\u00a0\u00a0\u00a0\u00a0\u00a0\u00a0\u00a0 25,00 \u20ac le m\u00b2 (accord\u00e9es par d\u00e9cision du conseil municipal) \u00a0 \u00a0 \u00a0 \u00a0Case trentenaire du columbarium\u00a0 400&hellip;<\/p>\n<p class=\"more-link\"><a href=\"https:\/\/www.aussac-vadalle.fr\/?page_id=2758\" class=\"themebutton\">Read More<\/a><\/p>\n","protected":false},"author":1,"featured_media":0,"parent":0,"menu_order":0,"comment_status":"closed","ping_status":"closed","template":"","meta":{"footnotes":""},"_links":{"self":[{"href":"https:\/\/www.aussac-vadalle.fr\/index.php?rest_route=\/wp\/v2\/pages\/2758"}],"collection":[{"href":"https:\/\/www.aussac-vadalle.fr\/index.php?rest_route=\/wp\/v2\/pages"}],"about":[{"href":"https:\/\/www.aussac-vadalle.fr\/index.php?rest_route=\/wp\/v2\/types\/page"}],"author":[{"embeddable":true,"href":"https:\/\/www.aussac-vadalle.fr\/index.php?rest_route=\/wp\/v2\/users\/1"}],"replies":[{"embeddable":true,"href":"https:\/\/www.aussac-vadalle.fr\/index.php?rest_route=%2Fwp%2Fv2%2Fcomments&post=2758"}],"version-history":[{"count":22,"href":"https:\/\/www.aussac-vadalle.fr\/index.php?rest_route=\/wp\/v2\/pages\/2758\/revisions"}],"predecessor-version":[{"id":5558,"href":"https:\/\/www.aussac-vadalle.fr\/index.php?rest_route=\/wp\/v2\/pages\/2758\/revisions\/5558"}],"wp:attachment":[{"href":"https:\/\/www.aussac-vadalle.fr\/index.php?rest_route=%2Fwp%2Fv2%2Fmedia&parent=2758"}],"curies":[{"name":"wp","href":"https:\/\/api.w.org\/{rel}","templated":true}]}}