{"id":3011,"date":"2017-08-16T15:33:44","date_gmt":"2017-08-16T14:33:44","guid":{"rendered":"http:\/\/192.168.1.170\/aussac-vadalle\/?page_id=3011"},"modified":"2017-08-16T15:34:42","modified_gmt":"2017-08-16T14:34:42","slug":"commission-de-securite-routiere","status":"publish","type":"page","link":"https:\/\/www.aussac-vadalle.fr\/?page_id=3011","title":{"rendered":"Commission de s\u00e9curit\u00e9 routi\u00e8re"},"content":{"rendered":"<p>Visits: 5728<\/p><p><span style=\"color: #000000;\">Vous pouvez t\u00e9l\u00e9charger ci-apr\u00e8s les comptes rendu :<\/span><\/p>\n\n<!-- G\u00e9n\u00e9ration r\u00e9alis\u00e9e avec Document Gallery. Obtenez votre version ici :http:\/\/wordpress.org\/extend\/plugins\/document-gallery -->\n<div id=\"document-gallery-1\" class=\"document-gallery\" data-shortcode='{\"id\":3011,\"include\":\"\",\"exclude\":\"\",\"columns\":4,\"fancy\":true,\"order\":\"DESC\",\"orderby\":\"title\",\"relation\":\"AND\",\"limit\":-1,\"mime_types\":\"application,video,text,audio,image,pdf\",\"new_window\":true,\"paginate\":true,\"post_status\":\"any\",\"post_type\":\"attachment\",\"descriptions\":false,\"attachment_pg\":false,\"skip\":0}' data-icon-width='24'>\n<div class='document-icon-row'>\n   <div class=\"document-icon\">\n      <a href=\"https:\/\/www.aussac-vadalle.fr\/wp-content\/uploads\/2017\/08\/CR-2014-01.pdf\" target=\"_blank\">\n         <img decoding=\"async\" src=\"https:\/\/www.aussac-vadalle.fr\/wp-content\/plugins\/document-gallery\/assets\/icons\/pdf.png\" title=\"CR-2014-01\" alt=\"CR-2014-01\" data-ext=\"pdf\"\/>\n         <span class=\"title\">CR-2014-01<\/span>\n      <\/a>\n   <\/div>\n\n<\/div>\n<\/div>\n","protected":false},"excerpt":{"rendered":"<p>Visits: 5728Vous pouvez t\u00e9l\u00e9charger ci-apr\u00e8s les comptes rendu :<\/p>\n","protected":false},"author":1,"featured_media":0,"parent":0,"menu_order":0,"comment_status":"closed","ping_status":"closed","template":"","meta":{"footnotes":""},"_links":{"self":[{"href":"https:\/\/www.aussac-vadalle.fr\/index.php?rest_route=\/wp\/v2\/pages\/3011"}],"collection":[{"href":"https:\/\/www.aussac-vadalle.fr\/index.php?rest_route=\/wp\/v2\/pages"}],"about":[{"href":"https:\/\/www.aussac-vadalle.fr\/index.php?rest_route=\/wp\/v2\/types\/page"}],"author":[{"embeddable":true,"href":"https:\/\/www.aussac-vadalle.fr\/index.php?rest_route=\/wp\/v2\/users\/1"}],"replies":[{"embeddable":true,"href":"https:\/\/www.aussac-vadalle.fr\/index.php?rest_route=%2Fwp%2Fv2%2Fcomments&post=3011"}],"version-history":[{"count":1,"href":"https:\/\/www.aussac-vadalle.fr\/index.php?rest_route=\/wp\/v2\/pages\/3011\/revisions"}],"predecessor-version":[{"id":3012,"href":"https:\/\/www.aussac-vadalle.fr\/index.php?rest_route=\/wp\/v2\/pages\/3011\/revisions\/3012"}],"wp:attachment":[{"href":"https:\/\/www.aussac-vadalle.fr\/index.php?rest_route=%2Fwp%2Fv2%2Fmedia&parent=3011"}],"curies":[{"name":"wp","href":"https:\/\/api.w.org\/{rel}","templated":true}]}}