{"id":3015,"date":"2017-08-16T16:26:27","date_gmt":"2017-08-16T15:26:27","guid":{"rendered":"http:\/\/192.168.1.170\/aussac-vadalle\/?page_id=3015"},"modified":"2025-08-11T15:23:32","modified_gmt":"2025-08-11T13:23:32","slug":"sejourner","status":"publish","type":"page","link":"https:\/\/www.aussac-vadalle.fr\/?page_id=3015","title":{"rendered":"S\u00e9journer sur la commune"},"content":{"rendered":"<p>Visits: 6482<\/p><h2>H\u00e9bergement :<\/h2>\n<p>Il n&#8217;y a pas d&#8217;h\u00f4tel sur la commune. Vous pouvez aller sur Mansle l&#8217;h\u00f4tel <a href=\"https:\/\/www.hotel-beau-rivage-charente.com\/\" target=\"_blank\" rel=\"noopener\">Beau Rivage vous accueille.<\/a><\/p>\n<h2>Restauration :<\/h2>\n<p>Le restaurant &#8221; La Belle Cantini\u00e8re&#8221; offre toute la semaine un accueil du petit d\u00e9jeuner au diner en passant par le\u00a0 d\u00e9jeuner. Situ\u00e9 en bordure de la RN 10, c&#8217;est une halte connue et reconnue par tous les professionnels de la route et des touristes habitu\u00e9s de la Nationale 10. <span class=\"_xdb\">T\u00e9l\u00e9phone\u00a0: <\/span><span class=\"_Xbe _ZWk kno-fv\"><span data-dtype=\"d3ph\">05 45 20 66 89<\/span><\/span><\/p>\n<div class=\"_eFb\"><\/div>\n<p>Le Multiple rural de Vadalle &#8220;\u00c9picerie Au Passage&#8221; offre \u00e9galement Sandwichs et boissons \u00e0 consommer sur place. L&#8217;\u00e9tablissement poss\u00e8de une licence IV et assure \u00e9galement la vente de l&#8217;alimentation et d\u00e9bit de tabac. <span class=\"_xdb\">T\u00e9l\u00e9phone\u00a0:<\/span> 05.45.20.61.61<\/p>\n","protected":false},"excerpt":{"rendered":"<p>Visits: 6482H\u00e9bergement : Il n&#8217;y a pas d&#8217;h\u00f4tel sur la commune. Vous pouvez aller sur Mansle l&#8217;h\u00f4tel Beau Rivage vous accueille. Restauration : Le restaurant &#8221; La Belle Cantini\u00e8re&#8221; offre toute la semaine un accueil du petit d\u00e9jeuner au diner en passant par le\u00a0 d\u00e9jeuner. Situ\u00e9 en bordure de la RN 10, c&#8217;est une halte&hellip;<\/p>\n<p class=\"more-link\"><a href=\"https:\/\/www.aussac-vadalle.fr\/?page_id=3015\" class=\"themebutton\">Read More<\/a><\/p>\n","protected":false},"author":1,"featured_media":0,"parent":0,"menu_order":0,"comment_status":"closed","ping_status":"closed","template":"","meta":{"footnotes":""},"_links":{"self":[{"href":"https:\/\/www.aussac-vadalle.fr\/index.php?rest_route=\/wp\/v2\/pages\/3015"}],"collection":[{"href":"https:\/\/www.aussac-vadalle.fr\/index.php?rest_route=\/wp\/v2\/pages"}],"about":[{"href":"https:\/\/www.aussac-vadalle.fr\/index.php?rest_route=\/wp\/v2\/types\/page"}],"author":[{"embeddable":true,"href":"https:\/\/www.aussac-vadalle.fr\/index.php?rest_route=\/wp\/v2\/users\/1"}],"replies":[{"embeddable":true,"href":"https:\/\/www.aussac-vadalle.fr\/index.php?rest_route=%2Fwp%2Fv2%2Fcomments&post=3015"}],"version-history":[{"count":6,"href":"https:\/\/www.aussac-vadalle.fr\/index.php?rest_route=\/wp\/v2\/pages\/3015\/revisions"}],"predecessor-version":[{"id":5415,"href":"https:\/\/www.aussac-vadalle.fr\/index.php?rest_route=\/wp\/v2\/pages\/3015\/revisions\/5415"}],"wp:attachment":[{"href":"https:\/\/www.aussac-vadalle.fr\/index.php?rest_route=%2Fwp%2Fv2%2Fmedia&parent=3015"}],"curies":[{"name":"wp","href":"https:\/\/api.w.org\/{rel}","templated":true}]}}